{"id":8,"date":"2025-02-24T18:03:07","date_gmt":"2025-02-24T18:03:07","guid":{"rendered":"https:\/\/ipbio.org.br\/?page_id=8"},"modified":"2025-09-19T20:40:17","modified_gmt":"2025-09-19T20:40:17","slug":"home","status":"publish","type":"page","link":"https:\/\/ipbio.org.br\/","title":{"rendered":"Home"},"content":{"rendered":"\t\t<div data-elementor-type=\"wp-page\" data-elementor-id=\"8\" class=\"elementor elementor-8\" data-elementor-post-type=\"page\">\n\t\t\t\t\t\t<section class=\"elementor-section elementor-top-section elementor-element elementor-element-027e4f6 elementor-section-height-min-height elementor-section-boxed elementor-section-height-default elementor-section-items-middle\" data-id=\"027e4f6\" data-element_type=\"section\" data-settings=\"{&quot;background_background&quot;:&quot;classic&quot;}\">\n\t\t\t\t\t\t<div class=\"elementor-container elementor-column-gap-default\">\n\t\t\t\t\t<div class=\"elementor-column elementor-col-50 elementor-top-column elementor-element elementor-element-a7d8718\" data-id=\"a7d8718\" data-element_type=\"column\">\n\t\t\t<div class=\"elementor-widget-wrap elementor-element-populated\">\n\t\t\t\t\t\t<section class=\"elementor-section elementor-inner-section elementor-element elementor-element-cab4a87 elementor-section-content-bottom elementor-section-boxed elementor-section-height-default elementor-section-height-default\" data-id=\"cab4a87\" data-element_type=\"section\">\n\t\t\t\t\t\t<div class=\"elementor-container elementor-column-gap-default\">\n\t\t\t\t\t<div class=\"elementor-column elementor-col-50 elementor-inner-column elementor-element elementor-element-4eae255\" data-id=\"4eae255\" data-element_type=\"column\">\n\t\t\t<div class=\"elementor-widget-wrap elementor-element-populated\">\n\t\t\t\t\t\t<div class=\"elementor-element elementor-element-32d048e elementor-widget elementor-widget-heading\" data-id=\"32d048e\" data-element_type=\"widget\" data-widget_type=\"heading.default\">\n\t\t\t\t<div class=\"elementor-widget-container\">\n\t\t\t\t\t<h2 class=\"elementor-heading-title elementor-size-default\">Seja bem-vindo ao Portal IPBio<\/h2>\t\t\t\t<\/div>\n\t\t\t\t<\/div>\n\t\t\t\t\t<\/div>\n\t\t<\/div>\n\t\t\t\t<div class=\"elementor-column elementor-col-50 elementor-inner-column elementor-element elementor-element-d1ba9db\" data-id=\"d1ba9db\" data-element_type=\"column\">\n\t\t\t<div class=\"elementor-widget-wrap elementor-element-populated\">\n\t\t\t\t\t\t<div class=\"elementor-element elementor-element-87ed924 e-grid-align-right elementor-shape-rounded elementor-grid-0 elementor-widget elementor-widget-social-icons\" data-id=\"87ed924\" data-element_type=\"widget\" data-widget_type=\"social-icons.default\">\n\t\t\t\t<div class=\"elementor-widget-container\">\n\t\t\t\t\t\t\t<div class=\"elementor-social-icons-wrapper elementor-grid\" role=\"list\">\n\t\t\t\t\t\t\t<span class=\"elementor-grid-item\" role=\"listitem\">\n\t\t\t\t\t<a class=\"elementor-icon elementor-social-icon elementor-social-icon-youtube elementor-repeater-item-4048d96\" href=\"https:\/\/www.youtube.com\/@ipbio\/\" target=\"_blank\">\n\t\t\t\t\t\t<span class=\"elementor-screen-only\">Youtube<\/span>\n\t\t\t\t\t\t<svg aria-hidden=\"true\" class=\"e-font-icon-svg e-fab-youtube\" viewBox=\"0 0 576 512\" xmlns=\"http:\/\/www.w3.org\/2000\/svg\"><path d=\"M549.655 124.083c-6.281-23.65-24.787-42.276-48.284-48.597C458.781 64 288 64 288 64S117.22 64 74.629 75.486c-23.497 6.322-42.003 24.947-48.284 48.597-11.412 42.867-11.412 132.305-11.412 132.305s0 89.438 11.412 132.305c6.281 23.65 24.787 41.5 48.284 47.821C117.22 448 288 448 288 448s170.78 0 213.371-11.486c23.497-6.321 42.003-24.171 48.284-47.821 11.412-42.867 11.412-132.305 11.412-132.305s0-89.438-11.412-132.305zm-317.51 213.508V175.185l142.739 81.205-142.739 81.201z\"><\/path><\/svg>\t\t\t\t\t<\/a>\n\t\t\t\t<\/span>\n\t\t\t\t\t\t\t<span class=\"elementor-grid-item\" role=\"listitem\">\n\t\t\t\t\t<a class=\"elementor-icon elementor-social-icon elementor-social-icon-instagram elementor-repeater-item-dc6570e\" href=\"https:\/\/www.instagram.com\/ipbio_institutopesquisasbio\/\" target=\"_blank\">\n\t\t\t\t\t\t<span class=\"elementor-screen-only\">Instagram<\/span>\n\t\t\t\t\t\t<svg aria-hidden=\"true\" class=\"e-font-icon-svg e-fab-instagram\" viewBox=\"0 0 448 512\" xmlns=\"http:\/\/www.w3.org\/2000\/svg\"><path d=\"M224.1 141c-63.6 0-114.9 51.3-114.9 114.9s51.3 114.9 114.9 114.9S339 319.5 339 255.9 287.7 141 224.1 141zm0 189.6c-41.1 0-74.7-33.5-74.7-74.7s33.5-74.7 74.7-74.7 74.7 33.5 74.7 74.7-33.6 74.7-74.7 74.7zm146.4-194.3c0 14.9-12 26.8-26.8 26.8-14.9 0-26.8-12-26.8-26.8s12-26.8 26.8-26.8 26.8 12 26.8 26.8zm76.1 27.2c-1.7-35.9-9.9-67.7-36.2-93.9-26.2-26.2-58-34.4-93.9-36.2-37-2.1-147.9-2.1-184.9 0-35.8 1.7-67.6 9.9-93.9 36.1s-34.4 58-36.2 93.9c-2.1 37-2.1 147.9 0 184.9 1.7 35.9 9.9 67.7 36.2 93.9s58 34.4 93.9 36.2c37 2.1 147.9 2.1 184.9 0 35.9-1.7 67.7-9.9 93.9-36.2 26.2-26.2 34.4-58 36.2-93.9 2.1-37 2.1-147.8 0-184.8zM398.8 388c-7.8 19.6-22.9 34.7-42.6 42.6-29.5 11.7-99.5 9-132.1 9s-102.7 2.6-132.1-9c-19.6-7.8-34.7-22.9-42.6-42.6-11.7-29.5-9-99.5-9-132.1s-2.6-102.7 9-132.1c7.8-19.6 22.9-34.7 42.6-42.6 29.5-11.7 99.5-9 132.1-9s102.7-2.6 132.1 9c19.6 7.8 34.7 22.9 42.6 42.6 11.7 29.5 9 99.5 9 132.1s2.7 102.7-9 132.1z\"><\/path><\/svg>\t\t\t\t\t<\/a>\n\t\t\t\t<\/span>\n\t\t\t\t\t<\/div>\n\t\t\t\t\t\t<\/div>\n\t\t\t\t<\/div>\n\t\t\t\t\t<\/div>\n\t\t<\/div>\n\t\t\t\t\t<\/div>\n\t\t<\/section>\n\t\t\t\t<div class=\"elementor-element elementor-element-fe00f5d elementor-widget-divider--view-line elementor-widget elementor-widget-divider\" data-id=\"fe00f5d\" data-element_type=\"widget\" data-widget_type=\"divider.default\">\n\t\t\t\t<div class=\"elementor-widget-container\">\n\t\t\t\t\t\t\t<div class=\"elementor-divider\">\n\t\t\t<span class=\"elementor-divider-separator\">\n\t\t\t\t\t\t<\/span>\n\t\t<\/div>\n\t\t\t\t\t\t<\/div>\n\t\t\t\t<\/div>\n\t\t\t\t<div class=\"elementor-element elementor-element-718f6f1 elementor-widget elementor-widget-heading\" data-id=\"718f6f1\" data-element_type=\"widget\" data-widget_type=\"heading.default\">\n\t\t\t\t<div class=\"elementor-widget-container\">\n\t\t\t\t\t<h2 class=\"elementor-heading-title elementor-size-default\">Bem-vindo ao Portal IPBio<\/h2>\t\t\t\t<\/div>\n\t\t\t\t<\/div>\n\t\t\t\t<div class=\"elementor-element elementor-element-5722712 elementor-widget elementor-widget-text-editor\" data-id=\"5722712\" data-element_type=\"widget\" data-widget_type=\"text-editor.default\">\n\t\t\t\t<div class=\"elementor-widget-container\">\n\t\t\t\t\t\t\t\t\t<div>\u00a0<\/div><p>Preservando a biodiversidade e promovendo a ci\u00eancia na pr\u00e1tica. Explore nossos projetos de pesquisa, conserva\u00e7\u00e3o e educa\u00e7\u00e3o ambiental que conectam pessoas e natureza. Juntos, podemos proteger o futuro do planeta.<\/p>\t\t\t\t\t\t\t\t<\/div>\n\t\t\t\t<\/div>\n\t\t\t\t<div class=\"elementor-element elementor-element-087b886 elementor-widget elementor-widget-button\" data-id=\"087b886\" data-element_type=\"widget\" data-widget_type=\"button.default\">\n\t\t\t\t<div class=\"elementor-widget-container\">\n\t\t\t\t\t\t\t\t\t<div class=\"elementor-button-wrapper\">\n\t\t\t\t\t<a class=\"elementor-button elementor-button-link elementor-size-sm elementor-animation-grow\" href=\"https:\/\/ipbio.org.br\/index.php\/contato\/\" target=\"_blank\">\n\t\t\t\t\t\t<span class=\"elementor-button-content-wrapper\">\n\t\t\t\t\t\t\t\t\t<span class=\"elementor-button-text\">Fale Conosco<\/span>\n\t\t\t\t\t<\/span>\n\t\t\t\t\t<\/a>\n\t\t\t\t<\/div>\n\t\t\t\t\t\t\t\t<\/div>\n\t\t\t\t<\/div>\n\t\t\t\t\t<\/div>\n\t\t<\/div>\n\t\t\t\t<div class=\"elementor-column elementor-col-50 elementor-top-column elementor-element elementor-element-9a3572f\" data-id=\"9a3572f\" data-element_type=\"column\">\n\t\t\t<div class=\"elementor-widget-wrap\">\n\t\t\t\t\t\t\t<\/div>\n\t\t<\/div>\n\t\t\t\t\t<\/div>\n\t\t<\/section>\n\t\t\t\t<section class=\"elementor-section elementor-top-section elementor-element elementor-element-7fd575f elementor-section-boxed elementor-section-height-default elementor-section-height-default\" data-id=\"7fd575f\" data-element_type=\"section\">\n\t\t\t\t\t\t<div class=\"elementor-container elementor-column-gap-default\">\n\t\t\t\t\t<div class=\"elementor-column elementor-col-100 elementor-top-column elementor-element elementor-element-e475b62\" data-id=\"e475b62\" data-element_type=\"column\">\n\t\t\t<div class=\"elementor-widget-wrap elementor-element-populated\">\n\t\t\t\t\t\t<div class=\"elementor-element elementor-element-1dd144d elementor-hidden-desktop elementor-widget elementor-widget-image\" data-id=\"1dd144d\" data-element_type=\"widget\" data-widget_type=\"image.default\">\n\t\t\t\t<div class=\"elementor-widget-container\">\n\t\t\t\t\t\t\t\t\t\t\t\t\t\t\t\t<a href=\"https:\/\/odesafiodecarbonia.com.br\/\" target=\"_blank\">\n\t\t\t\t\t\t\t<img fetchpriority=\"high\" decoding=\"async\" width=\"683\" height=\"1024\" src=\"https:\/\/ipbio.org.br\/wp-content\/uploads\/2025\/07\/o-desafio-de-carbonia-mobile-2-683x1024.png\" class=\"attachment-large size-large wp-image-2133\" alt=\"\" srcset=\"https:\/\/ipbio.org.br\/wp-content\/uploads\/2025\/07\/o-desafio-de-carbonia-mobile-2-683x1024.png 683w, https:\/\/ipbio.org.br\/wp-content\/uploads\/2025\/07\/o-desafio-de-carbonia-mobile-2-200x300.png 200w, https:\/\/ipbio.org.br\/wp-content\/uploads\/2025\/07\/o-desafio-de-carbonia-mobile-2-8x12.png 8w, https:\/\/ipbio.org.br\/wp-content\/uploads\/2025\/07\/o-desafio-de-carbonia-mobile-2.png 768w\" sizes=\"(max-width: 683px) 100vw, 683px\" \/>\t\t\t\t\t\t\t\t<\/a>\n\t\t\t\t\t\t\t\t\t\t\t\t\t\t\t<\/div>\n\t\t\t\t<\/div>\n\t\t\t\t<div class=\"elementor-element elementor-element-cf36ada elementor-hidden-tablet elementor-hidden-mobile elementor-widget elementor-widget-image\" data-id=\"cf36ada\" data-element_type=\"widget\" data-widget_type=\"image.default\">\n\t\t\t\t<div class=\"elementor-widget-container\">\n\t\t\t\t\t\t\t\t\t\t\t\t\t\t\t\t<a href=\"https:\/\/odesafiodecarbonia.com.br\/\" target=\"_blank\">\n\t\t\t\t\t\t\t<img decoding=\"async\" width=\"1920\" height=\"600\" src=\"https:\/\/ipbio.org.br\/wp-content\/uploads\/2025\/07\/o-desafio-de-carbonia-desktop-1.png\" class=\"attachment-full size-full wp-image-2129\" alt=\"\" srcset=\"https:\/\/ipbio.org.br\/wp-content\/uploads\/2025\/07\/o-desafio-de-carbonia-desktop-1.png 1920w, https:\/\/ipbio.org.br\/wp-content\/uploads\/2025\/07\/o-desafio-de-carbonia-desktop-1-300x94.png 300w, https:\/\/ipbio.org.br\/wp-content\/uploads\/2025\/07\/o-desafio-de-carbonia-desktop-1-1024x320.png 1024w, https:\/\/ipbio.org.br\/wp-content\/uploads\/2025\/07\/o-desafio-de-carbonia-desktop-1-768x240.png 768w, https:\/\/ipbio.org.br\/wp-content\/uploads\/2025\/07\/o-desafio-de-carbonia-desktop-1-1536x480.png 1536w, https:\/\/ipbio.org.br\/wp-content\/uploads\/2025\/07\/o-desafio-de-carbonia-desktop-1-18x6.png 18w\" sizes=\"(max-width: 1920px) 100vw, 1920px\" \/>\t\t\t\t\t\t\t\t<\/a>\n\t\t\t\t\t\t\t\t\t\t\t\t\t\t\t<\/div>\n\t\t\t\t<\/div>\n\t\t\t\t\t<\/div>\n\t\t<\/div>\n\t\t\t\t\t<\/div>\n\t\t<\/section>\n\t\t\t\t<section class=\"elementor-section elementor-top-section elementor-element elementor-element-09d22ec elementor-section-boxed elementor-section-height-default elementor-section-height-default\" data-id=\"09d22ec\" data-element_type=\"section\">\n\t\t\t\t\t\t<div class=\"elementor-container elementor-column-gap-default\">\n\t\t\t\t\t<div class=\"elementor-column elementor-col-100 elementor-top-column elementor-element elementor-element-757e50d\" data-id=\"757e50d\" data-element_type=\"column\">\n\t\t\t<div class=\"elementor-widget-wrap elementor-element-populated\">\n\t\t\t\t\t\t<section class=\"elementor-section elementor-inner-section elementor-element elementor-element-ae86203 elementor-section-boxed elementor-section-height-default elementor-section-height-default\" data-id=\"ae86203\" data-element_type=\"section\">\n\t\t\t\t\t\t<div class=\"elementor-container elementor-column-gap-default\">\n\t\t\t\t\t<div class=\"elementor-column elementor-col-25 elementor-inner-column elementor-element elementor-element-e23ff87\" data-id=\"e23ff87\" data-element_type=\"column\">\n\t\t\t<div class=\"elementor-widget-wrap elementor-element-populated\">\n\t\t\t\t\t\t<div class=\"elementor-element elementor-element-fbf75e1 elementor-widget elementor-widget-image\" data-id=\"fbf75e1\" data-element_type=\"widget\" data-widget_type=\"image.default\">\n\t\t\t\t<div class=\"elementor-widget-container\">\n\t\t\t\t\t\t\t\t\t\t\t\t\t\t\t\t<a href=\"https:\/\/ipbio.org.br\/index.php\/pesquisas\/\">\n\t\t\t\t\t\t\t<img decoding=\"async\" width=\"257\" height=\"256\" src=\"https:\/\/ipbio.org.br\/wp-content\/uploads\/2025\/02\/Group-3.png\" class=\"elementor-animation-grow attachment-large size-large wp-image-49\" alt=\"\" srcset=\"https:\/\/ipbio.org.br\/wp-content\/uploads\/2025\/02\/Group-3.png 257w, https:\/\/ipbio.org.br\/wp-content\/uploads\/2025\/02\/Group-3-150x150.png 150w\" sizes=\"(max-width: 257px) 100vw, 257px\" \/>\t\t\t\t\t\t\t\t<\/a>\n\t\t\t\t\t\t\t\t\t\t\t\t\t\t\t<\/div>\n\t\t\t\t<\/div>\n\t\t\t\t<div class=\"elementor-element elementor-element-64b0132 elementor-widget elementor-widget-heading\" data-id=\"64b0132\" data-element_type=\"widget\" data-widget_type=\"heading.default\">\n\t\t\t\t<div class=\"elementor-widget-container\">\n\t\t\t\t\t<h2 class=\"elementor-heading-title elementor-size-default\"><a href=\"https:\/\/ipbio.org.br\/index.php\/pesquisas\/\">Bioluminesc\u00eancia<\/a><\/h2>\t\t\t\t<\/div>\n\t\t\t\t<\/div>\n\t\t\t\t\t<\/div>\n\t\t<\/div>\n\t\t\t\t<div class=\"elementor-column elementor-col-25 elementor-inner-column elementor-element elementor-element-cfb568b\" data-id=\"cfb568b\" data-element_type=\"column\">\n\t\t\t<div class=\"elementor-widget-wrap elementor-element-populated\">\n\t\t\t\t\t\t<div class=\"elementor-element elementor-element-7151cf2 elementor-widget elementor-widget-image\" data-id=\"7151cf2\" data-element_type=\"widget\" data-widget_type=\"image.default\">\n\t\t\t\t<div class=\"elementor-widget-container\">\n\t\t\t\t\t\t\t\t\t\t\t\t\t\t\t\t<a href=\"https:\/\/ipbio.org.br\/index.php\/reserva-betary\/\">\n\t\t\t\t\t\t\t<img loading=\"lazy\" decoding=\"async\" width=\"257\" height=\"256\" src=\"https:\/\/ipbio.org.br\/wp-content\/uploads\/2025\/02\/Group-3-6.png\" class=\"elementor-animation-grow attachment-large size-large wp-image-51\" alt=\"\" srcset=\"https:\/\/ipbio.org.br\/wp-content\/uploads\/2025\/02\/Group-3-6.png 257w, https:\/\/ipbio.org.br\/wp-content\/uploads\/2025\/02\/Group-3-6-150x150.png 150w\" sizes=\"(max-width: 257px) 100vw, 257px\" \/>\t\t\t\t\t\t\t\t<\/a>\n\t\t\t\t\t\t\t\t\t\t\t\t\t\t\t<\/div>\n\t\t\t\t<\/div>\n\t\t\t\t<div class=\"elementor-element elementor-element-386ca70 elementor-widget elementor-widget-heading\" data-id=\"386ca70\" data-element_type=\"widget\" data-widget_type=\"heading.default\">\n\t\t\t\t<div class=\"elementor-widget-container\">\n\t\t\t\t\t<h2 class=\"elementor-heading-title elementor-size-default\"><a href=\"https:\/\/ipbio.org.br\/index.php\/reserva-betary\/\">Visita\u00e7\u00e3o<\/a><\/h2>\t\t\t\t<\/div>\n\t\t\t\t<\/div>\n\t\t\t\t\t<\/div>\n\t\t<\/div>\n\t\t\t\t<div class=\"elementor-column elementor-col-25 elementor-inner-column elementor-element elementor-element-08471ca\" data-id=\"08471ca\" data-element_type=\"column\">\n\t\t\t<div class=\"elementor-widget-wrap elementor-element-populated\">\n\t\t\t\t\t\t<div class=\"elementor-element elementor-element-4ea5d6f elementor-widget elementor-widget-image\" data-id=\"4ea5d6f\" data-element_type=\"widget\" data-widget_type=\"image.default\">\n\t\t\t\t<div class=\"elementor-widget-container\">\n\t\t\t\t\t\t\t\t\t\t\t\t\t\t\t\t<a href=\"https:\/\/ipbio.org.br\/index.php\/pesquisas\/\">\n\t\t\t\t\t\t\t<img loading=\"lazy\" decoding=\"async\" width=\"257\" height=\"256\" src=\"https:\/\/ipbio.org.br\/wp-content\/uploads\/2025\/02\/Group-3-7-1.png\" class=\"elementor-animation-grow attachment-large size-large wp-image-61\" alt=\"\" srcset=\"https:\/\/ipbio.org.br\/wp-content\/uploads\/2025\/02\/Group-3-7-1.png 257w, https:\/\/ipbio.org.br\/wp-content\/uploads\/2025\/02\/Group-3-7-1-150x150.png 150w\" sizes=\"(max-width: 257px) 100vw, 257px\" \/>\t\t\t\t\t\t\t\t<\/a>\n\t\t\t\t\t\t\t\t\t\t\t\t\t\t\t<\/div>\n\t\t\t\t<\/div>\n\t\t\t\t<div class=\"elementor-element elementor-element-b9c5edf elementor-widget elementor-widget-heading\" data-id=\"b9c5edf\" data-element_type=\"widget\" data-widget_type=\"heading.default\">\n\t\t\t\t<div class=\"elementor-widget-container\">\n\t\t\t\t\t<h2 class=\"elementor-heading-title elementor-size-default\"><a href=\"https:\/\/ipbio.org.br\/index.php\/pesquisas\/\">Pesquisa<\/a><\/h2>\t\t\t\t<\/div>\n\t\t\t\t<\/div>\n\t\t\t\t\t<\/div>\n\t\t<\/div>\n\t\t\t\t<div class=\"elementor-column elementor-col-25 elementor-inner-column elementor-element elementor-element-d29b78c\" data-id=\"d29b78c\" data-element_type=\"column\">\n\t\t\t<div class=\"elementor-widget-wrap elementor-element-populated\">\n\t\t\t\t\t\t<div class=\"elementor-element elementor-element-3e03bac elementor-widget elementor-widget-image\" data-id=\"3e03bac\" data-element_type=\"widget\" data-widget_type=\"image.default\">\n\t\t\t\t<div class=\"elementor-widget-container\">\n\t\t\t\t\t\t\t\t\t\t\t\t\t\t\t\t<a href=\"https:\/\/ipbio.org.br\/index.php\/voluntariado\/\">\n\t\t\t\t\t\t\t<img loading=\"lazy\" decoding=\"async\" width=\"256\" height=\"256\" src=\"https:\/\/ipbio.org.br\/wp-content\/uploads\/2025\/02\/Group-3-1.png\" class=\"elementor-animation-grow attachment-large size-large wp-image-57\" alt=\"\" srcset=\"https:\/\/ipbio.org.br\/wp-content\/uploads\/2025\/02\/Group-3-1.png 256w, https:\/\/ipbio.org.br\/wp-content\/uploads\/2025\/02\/Group-3-1-150x150.png 150w\" sizes=\"(max-width: 256px) 100vw, 256px\" \/>\t\t\t\t\t\t\t\t<\/a>\n\t\t\t\t\t\t\t\t\t\t\t\t\t\t\t<\/div>\n\t\t\t\t<\/div>\n\t\t\t\t<div class=\"elementor-element elementor-element-569a49b elementor-widget elementor-widget-heading\" data-id=\"569a49b\" data-element_type=\"widget\" data-widget_type=\"heading.default\">\n\t\t\t\t<div class=\"elementor-widget-container\">\n\t\t\t\t\t<h2 class=\"elementor-heading-title elementor-size-default\"><a href=\"https:\/\/ipbio.org.br\/index.php\/voluntariado\/\">Voluntariado<\/a><\/h2>\t\t\t\t<\/div>\n\t\t\t\t<\/div>\n\t\t\t\t\t<\/div>\n\t\t<\/div>\n\t\t\t\t\t<\/div>\n\t\t<\/section>\n\t\t\t\t<section class=\"elementor-section elementor-inner-section elementor-element elementor-element-6e769f8 elementor-section-boxed elementor-section-height-default elementor-section-height-default\" data-id=\"6e769f8\" data-element_type=\"section\">\n\t\t\t\t\t\t<div class=\"elementor-container elementor-column-gap-default\">\n\t\t\t\t\t<div class=\"elementor-column elementor-col-25 elementor-inner-column elementor-element elementor-element-eaaa860\" data-id=\"eaaa860\" data-element_type=\"column\">\n\t\t\t<div class=\"elementor-widget-wrap elementor-element-populated\">\n\t\t\t\t\t\t<div class=\"elementor-element elementor-element-a3ce9c4 elementor-widget elementor-widget-image\" data-id=\"a3ce9c4\" data-element_type=\"widget\" data-widget_type=\"image.default\">\n\t\t\t\t<div class=\"elementor-widget-container\">\n\t\t\t\t\t\t\t\t\t\t\t\t\t\t\t\t<a href=\"https:\/\/ipbio.org.br\/index.php\/o-ipbio\/\">\n\t\t\t\t\t\t\t<img loading=\"lazy\" decoding=\"async\" width=\"256\" height=\"256\" src=\"https:\/\/ipbio.org.br\/wp-content\/uploads\/2025\/02\/Group-3-2.png\" class=\"elementor-animation-grow attachment-large size-large wp-image-56\" alt=\"\" srcset=\"https:\/\/ipbio.org.br\/wp-content\/uploads\/2025\/02\/Group-3-2.png 256w, https:\/\/ipbio.org.br\/wp-content\/uploads\/2025\/02\/Group-3-2-150x150.png 150w\" sizes=\"(max-width: 256px) 100vw, 256px\" \/>\t\t\t\t\t\t\t\t<\/a>\n\t\t\t\t\t\t\t\t\t\t\t\t\t\t\t<\/div>\n\t\t\t\t<\/div>\n\t\t\t\t<div class=\"elementor-element elementor-element-655b745 elementor-widget elementor-widget-heading\" data-id=\"655b745\" data-element_type=\"widget\" data-widget_type=\"heading.default\">\n\t\t\t\t<div class=\"elementor-widget-container\">\n\t\t\t\t\t<h2 class=\"elementor-heading-title elementor-size-default\"><a href=\"https:\/\/ipbio.org.br\/index.php\/o-ipbio\/\">Museu Joias da Natureza<\/a><\/h2>\t\t\t\t<\/div>\n\t\t\t\t<\/div>\n\t\t\t\t\t<\/div>\n\t\t<\/div>\n\t\t\t\t<div class=\"elementor-column elementor-col-25 elementor-inner-column elementor-element elementor-element-179939a\" data-id=\"179939a\" data-element_type=\"column\">\n\t\t\t<div class=\"elementor-widget-wrap elementor-element-populated\">\n\t\t\t\t\t\t<div class=\"elementor-element elementor-element-9d744d8 elementor-widget elementor-widget-image\" data-id=\"9d744d8\" data-element_type=\"widget\" data-widget_type=\"image.default\">\n\t\t\t\t<div class=\"elementor-widget-container\">\n\t\t\t\t\t\t\t\t\t\t\t\t\t\t\t\t<a href=\"https:\/\/ipbio.org.br\/index.php\/educacao\/\">\n\t\t\t\t\t\t\t<img loading=\"lazy\" decoding=\"async\" width=\"256\" height=\"256\" src=\"https:\/\/ipbio.org.br\/wp-content\/uploads\/2025\/04\/Eeducacao.png\" class=\"elementor-animation-grow attachment-large size-large wp-image-1732\" alt=\"\" srcset=\"https:\/\/ipbio.org.br\/wp-content\/uploads\/2025\/04\/Eeducacao.png 256w, https:\/\/ipbio.org.br\/wp-content\/uploads\/2025\/04\/Eeducacao-150x150.png 150w\" sizes=\"(max-width: 256px) 100vw, 256px\" \/>\t\t\t\t\t\t\t\t<\/a>\n\t\t\t\t\t\t\t\t\t\t\t\t\t\t\t<\/div>\n\t\t\t\t<\/div>\n\t\t\t\t<div class=\"elementor-element elementor-element-b5e28ec elementor-widget elementor-widget-heading\" data-id=\"b5e28ec\" data-element_type=\"widget\" data-widget_type=\"heading.default\">\n\t\t\t\t<div class=\"elementor-widget-container\">\n\t\t\t\t\t<h2 class=\"elementor-heading-title elementor-size-default\"><a href=\"https:\/\/ipbio.org.br\/index.php\/educacao\/\">Educa\u00e7\u00e3o<\/a><\/h2>\t\t\t\t<\/div>\n\t\t\t\t<\/div>\n\t\t\t\t\t<\/div>\n\t\t<\/div>\n\t\t\t\t<div class=\"elementor-column elementor-col-25 elementor-inner-column elementor-element elementor-element-5f1810e\" data-id=\"5f1810e\" data-element_type=\"column\">\n\t\t\t<div class=\"elementor-widget-wrap elementor-element-populated\">\n\t\t\t\t\t\t<div class=\"elementor-element elementor-element-7f02e12 elementor-widget elementor-widget-image\" data-id=\"7f02e12\" data-element_type=\"widget\" data-widget_type=\"image.default\">\n\t\t\t\t<div class=\"elementor-widget-container\">\n\t\t\t\t\t\t\t\t\t\t\t\t\t\t\t\t<a href=\"https:\/\/ipbio.org.br\/index.php\/divulgacao-cientifica\/\">\n\t\t\t\t\t\t\t<img loading=\"lazy\" decoding=\"async\" width=\"256\" height=\"256\" src=\"https:\/\/ipbio.org.br\/wp-content\/uploads\/2025\/02\/Group-3-4.png\" class=\"elementor-animation-grow attachment-large size-large wp-image-54\" alt=\"\" srcset=\"https:\/\/ipbio.org.br\/wp-content\/uploads\/2025\/02\/Group-3-4.png 256w, https:\/\/ipbio.org.br\/wp-content\/uploads\/2025\/02\/Group-3-4-150x150.png 150w\" sizes=\"(max-width: 256px) 100vw, 256px\" \/>\t\t\t\t\t\t\t\t<\/a>\n\t\t\t\t\t\t\t\t\t\t\t\t\t\t\t<\/div>\n\t\t\t\t<\/div>\n\t\t\t\t<div class=\"elementor-element elementor-element-c36e45c elementor-widget elementor-widget-heading\" data-id=\"c36e45c\" data-element_type=\"widget\" data-widget_type=\"heading.default\">\n\t\t\t\t<div class=\"elementor-widget-container\">\n\t\t\t\t\t<h2 class=\"elementor-heading-title elementor-size-default\"><a href=\"https:\/\/ipbio.org.br\/index.php\/divulgacao-cientifica\/\">Observat\u00f3rio de Biodiversidade<\/a><\/h2>\t\t\t\t<\/div>\n\t\t\t\t<\/div>\n\t\t\t\t\t<\/div>\n\t\t<\/div>\n\t\t\t\t<div class=\"elementor-column elementor-col-25 elementor-inner-column elementor-element elementor-element-ddcd66c\" data-id=\"ddcd66c\" data-element_type=\"column\">\n\t\t\t<div class=\"elementor-widget-wrap elementor-element-populated\">\n\t\t\t\t\t\t<div class=\"elementor-element elementor-element-36f7a05 elementor-widget elementor-widget-image\" data-id=\"36f7a05\" data-element_type=\"widget\" data-widget_type=\"image.default\">\n\t\t\t\t<div class=\"elementor-widget-container\">\n\t\t\t\t\t\t\t\t\t\t\t\t\t\t\t\t<a href=\"https:\/\/ipbio.org.br\/index.php\/o-ipbio\/\">\n\t\t\t\t\t\t\t<img loading=\"lazy\" decoding=\"async\" width=\"268\" height=\"268\" src=\"https:\/\/ipbio.org.br\/wp-content\/uploads\/2025\/02\/Group-3-5.png\" class=\"elementor-animation-grow attachment-large size-large wp-image-53\" alt=\"\" srcset=\"https:\/\/ipbio.org.br\/wp-content\/uploads\/2025\/02\/Group-3-5.png 268w, https:\/\/ipbio.org.br\/wp-content\/uploads\/2025\/02\/Group-3-5-150x150.png 150w\" sizes=\"(max-width: 268px) 100vw, 268px\" \/>\t\t\t\t\t\t\t\t<\/a>\n\t\t\t\t\t\t\t\t\t\t\t\t\t\t\t<\/div>\n\t\t\t\t<\/div>\n\t\t\t\t<div class=\"elementor-element elementor-element-03f357d elementor-widget elementor-widget-heading\" data-id=\"03f357d\" data-element_type=\"widget\" data-widget_type=\"heading.default\">\n\t\t\t\t<div class=\"elementor-widget-container\">\n\t\t\t\t\t<h2 class=\"elementor-heading-title elementor-size-default\"><a href=\"https:\/\/ipbio.org.br\/index.php\/o-ipbio\/\">CPEA<\/a><\/h2>\t\t\t\t<\/div>\n\t\t\t\t<\/div>\n\t\t\t\t\t<\/div>\n\t\t<\/div>\n\t\t\t\t\t<\/div>\n\t\t<\/section>\n\t\t\t\t\t<\/div>\n\t\t<\/div>\n\t\t\t\t\t<\/div>\n\t\t<\/section>\n\t\t\t\t<\/div>\n\t\t","protected":false},"excerpt":{"rendered":"<p>Seja bem-vindo ao Portal IPBio Youtube Instagram Bem-vindo ao Portal IPBio \u00a0 Preservando a biodiversidade e promovendo a ci\u00eancia na pr\u00e1tica. Explore nossos projetos de pesquisa, conserva\u00e7\u00e3o e educa\u00e7\u00e3o ambiental que conectam pessoas e natureza. Juntos, podemos proteger o futuro do planeta. Fale Conosco Bioluminesc\u00eancia Visita\u00e7\u00e3o Pesquisa Voluntariado Museu Joias da Natureza Educa\u00e7\u00e3o Observat\u00f3rio de [&hellip;]<\/p>\n","protected":false},"author":1,"featured_media":0,"parent":0,"menu_order":0,"comment_status":"closed","ping_status":"closed","template":"","meta":{"footnotes":""},"class_list":["post-8","page","type-page","status-publish","hentry"],"_links":{"self":[{"href":"https:\/\/ipbio.org.br\/index.php\/wp-json\/wp\/v2\/pages\/8","targetHints":{"allow":["GET"]}}],"collection":[{"href":"https:\/\/ipbio.org.br\/index.php\/wp-json\/wp\/v2\/pages"}],"about":[{"href":"https:\/\/ipbio.org.br\/index.php\/wp-json\/wp\/v2\/types\/page"}],"author":[{"embeddable":true,"href":"https:\/\/ipbio.org.br\/index.php\/wp-json\/wp\/v2\/users\/1"}],"replies":[{"embeddable":true,"href":"https:\/\/ipbio.org.br\/index.php\/wp-json\/wp\/v2\/comments?post=8"}],"version-history":[{"count":64,"href":"https:\/\/ipbio.org.br\/index.php\/wp-json\/wp\/v2\/pages\/8\/revisions"}],"predecessor-version":[{"id":2177,"href":"https:\/\/ipbio.org.br\/index.php\/wp-json\/wp\/v2\/pages\/8\/revisions\/2177"}],"wp:attachment":[{"href":"https:\/\/ipbio.org.br\/index.php\/wp-json\/wp\/v2\/media?parent=8"}],"curies":[{"name":"wp","href":"https:\/\/api.w.org\/{rel}","templated":true}]}}